{"id":13137,"date":"2021-04-15T15:09:31","date_gmt":"2021-04-15T13:09:31","guid":{"rendered":"https:\/\/www.gardenrouteitalia.it\/jacques-henri-auguste-greber-2\/"},"modified":"2021-04-15T15:09:49","modified_gmt":"2021-04-15T13:09:49","slug":"jacques-henri-auguste-greber-2","status":"publish","type":"page","link":"https:\/\/www.gardenrouteitalia.it\/en\/jacques-henri-auguste-greber-2\/","title":{"rendered":"Jacques Henri Auguste Gr\u00e9ber"},"content":{"rendered":"<p>French architect. Working extensively in North America, Gr\u00e9ber specialised in landscape architecture and urban planning, collaborating with the City Beautiful movement. Son of sculptor Henri-L\u00e9on Gr\u00e9ber, he attended the \u00c9cole des Beaux-Arts before moving to the United States, where he partnered with architects McKim, Mead and White. In the garden of Whitemarsh Sala (1916-1921) in Wyndmoor, Pennsylvania he provided an emblematic example of classic Le N\u00f4tre-style French garden. One of his better-known projects is the Benjamin Franklin Parkway \u201cmasterplan\u201d in Philadelphia (1917). His work gained greater recognition in the States than in France, where between the two World Wars he worked at a number of city plans. In Italy, in the <g id=\"gid_0\">Garden of Marlia<\/g>, he established a dialogue between historical and contemporary gardening: on the one hand the restoration of a Baroque garden, on the other a new project inspired by a revisitation of this historical style through the lens of artistic avant-gardes reinterpreting geometries of form and a contemporary restyling of the <g id=\"gid_1\">bosquiets<\/g>. The Baroque garden transitions into a new garden, while modernist research is reflected in the vibrant settings of the Baroque garden.<\/p>\n<p>Look at the card of <a href=\"\/villa-reale-di-marlia\/\">Villa Reale di Marlia<\/a><\/p>\n","protected":false},"excerpt":{"rendered":"<p>French architect. Working extensively in North America, Gr\u00e9ber specialised in landscape architecture and urban planning, collaborating with the City Beautiful [&#8230;] <br \/><a class=\"read-more\" href=\"https:\/\/www.gardenrouteitalia.it\/en\/jacques-henri-auguste-greber-2\/\">Read more &gt;<\/a><\/p>\n","protected":false},"author":1,"featured_media":0,"parent":0,"menu_order":0,"comment_status":"closed","ping_status":"closed","template":"one-theme.php","meta":{"_acf_changed":false,"footnotes":""},"class_list":["post-13137","page","type-page","status-publish","hentry"],"acf":[],"yoast_head":"<!-- This site is optimized with the Yoast SEO plugin v26.9 - https:\/\/yoast.com\/product\/yoast-seo-wordpress\/ -->\r\n<title>Jacques Henri Auguste Gr\u00e9ber - Garden Route<\/title>\r\n<meta name=\"robots\" content=\"index, follow, max-snippet:-1, max-image-preview:large, max-video-preview:-1\" \/>\r\n<link rel=\"canonical\" href=\"https:\/\/www.gardenrouteitalia.it\/en\/jacques-henri-auguste-greber-2\/\" \/>\r\n<meta property=\"og:locale\" content=\"en_US\" \/>\r\n<meta property=\"og:type\" content=\"article\" \/>\r\n<meta property=\"og:title\" content=\"Jacques Henri Auguste Gr\u00e9ber - Garden Route\" \/>\r\n<meta property=\"og:description\" content=\"French architect. Working extensively in North America, Gr\u00e9ber specialised in landscape architecture and urban planning, collaborating with the City Beautiful [...] Read more &gt;\" \/>\r\n<meta property=\"og:url\" content=\"https:\/\/www.gardenrouteitalia.it\/en\/jacques-henri-auguste-greber-2\/\" \/>\r\n<meta property=\"og:site_name\" content=\"Garden Route\" \/>\r\n<meta property=\"article:modified_time\" content=\"2021-04-15T13:09:49+00:00\" \/>\r\n<meta name=\"twitter:card\" content=\"summary_large_image\" \/>\r\n<meta name=\"twitter:label1\" content=\"Est. reading time\" \/>\n\t<meta name=\"twitter:data1\" content=\"1 minute\" \/>\r\n<script type=\"application\/ld+json\" class=\"yoast-schema-graph\">{\"@context\":\"https:\/\/schema.org\",\"@graph\":[{\"@type\":\"WebPage\",\"@id\":\"https:\/\/www.gardenrouteitalia.it\/en\/jacques-henri-auguste-greber-2\/\",\"url\":\"https:\/\/www.gardenrouteitalia.it\/en\/jacques-henri-auguste-greber-2\/\",\"name\":\"Jacques Henri Auguste Gr\u00e9ber - Garden Route\",\"isPartOf\":{\"@id\":\"https:\/\/www.gardenrouteitalia.it\/en\/#website\"},\"datePublished\":\"2021-04-15T13:09:31+00:00\",\"dateModified\":\"2021-04-15T13:09:49+00:00\",\"breadcrumb\":{\"@id\":\"https:\/\/www.gardenrouteitalia.it\/en\/jacques-henri-auguste-greber-2\/#breadcrumb\"},\"inLanguage\":\"en-US\",\"potentialAction\":[{\"@type\":\"ReadAction\",\"target\":[\"https:\/\/www.gardenrouteitalia.it\/en\/jacques-henri-auguste-greber-2\/\"]}]},{\"@type\":\"BreadcrumbList\",\"@id\":\"https:\/\/www.gardenrouteitalia.it\/en\/jacques-henri-auguste-greber-2\/#breadcrumb\",\"itemListElement\":[{\"@type\":\"ListItem\",\"position\":1,\"name\":\"Home\",\"item\":\"https:\/\/www.gardenrouteitalia.it\/en\/\"},{\"@type\":\"ListItem\",\"position\":2,\"name\":\"Jacques Henri Auguste Gr\u00e9ber\"}]},{\"@type\":\"WebSite\",\"@id\":\"https:\/\/www.gardenrouteitalia.it\/en\/#website\",\"url\":\"https:\/\/www.gardenrouteitalia.it\/en\/\",\"name\":\"Garden Route\",\"description\":\"\",\"potentialAction\":[{\"@type\":\"SearchAction\",\"target\":{\"@type\":\"EntryPoint\",\"urlTemplate\":\"https:\/\/www.gardenrouteitalia.it\/en\/?s={search_term_string}\"},\"query-input\":{\"@type\":\"PropertyValueSpecification\",\"valueRequired\":true,\"valueName\":\"search_term_string\"}}],\"inLanguage\":\"en-US\"}]}<\/script>\r\n<!-- \/ Yoast SEO plugin. -->","yoast_head_json":{"title":"Jacques Henri Auguste Gr\u00e9ber - Garden Route","robots":{"index":"index","follow":"follow","max-snippet":"max-snippet:-1","max-image-preview":"max-image-preview:large","max-video-preview":"max-video-preview:-1"},"canonical":"https:\/\/www.gardenrouteitalia.it\/en\/jacques-henri-auguste-greber-2\/","og_locale":"en_US","og_type":"article","og_title":"Jacques Henri Auguste Gr\u00e9ber - Garden Route","og_description":"French architect. Working extensively in North America, Gr\u00e9ber specialised in landscape architecture and urban planning, collaborating with the City Beautiful [...] Read more &gt;","og_url":"https:\/\/www.gardenrouteitalia.it\/en\/jacques-henri-auguste-greber-2\/","og_site_name":"Garden Route","article_modified_time":"2021-04-15T13:09:49+00:00","twitter_card":"summary_large_image","twitter_misc":{"Est. reading time":"1 minute"},"schema":{"@context":"https:\/\/schema.org","@graph":[{"@type":"WebPage","@id":"https:\/\/www.gardenrouteitalia.it\/en\/jacques-henri-auguste-greber-2\/","url":"https:\/\/www.gardenrouteitalia.it\/en\/jacques-henri-auguste-greber-2\/","name":"Jacques Henri Auguste Gr\u00e9ber - Garden Route","isPartOf":{"@id":"https:\/\/www.gardenrouteitalia.it\/en\/#website"},"datePublished":"2021-04-15T13:09:31+00:00","dateModified":"2021-04-15T13:09:49+00:00","breadcrumb":{"@id":"https:\/\/www.gardenrouteitalia.it\/en\/jacques-henri-auguste-greber-2\/#breadcrumb"},"inLanguage":"en-US","potentialAction":[{"@type":"ReadAction","target":["https:\/\/www.gardenrouteitalia.it\/en\/jacques-henri-auguste-greber-2\/"]}]},{"@type":"BreadcrumbList","@id":"https:\/\/www.gardenrouteitalia.it\/en\/jacques-henri-auguste-greber-2\/#breadcrumb","itemListElement":[{"@type":"ListItem","position":1,"name":"Home","item":"https:\/\/www.gardenrouteitalia.it\/en\/"},{"@type":"ListItem","position":2,"name":"Jacques Henri Auguste Gr\u00e9ber"}]},{"@type":"WebSite","@id":"https:\/\/www.gardenrouteitalia.it\/en\/#website","url":"https:\/\/www.gardenrouteitalia.it\/en\/","name":"Garden Route","description":"","potentialAction":[{"@type":"SearchAction","target":{"@type":"EntryPoint","urlTemplate":"https:\/\/www.gardenrouteitalia.it\/en\/?s={search_term_string}"},"query-input":{"@type":"PropertyValueSpecification","valueRequired":true,"valueName":"search_term_string"}}],"inLanguage":"en-US"}]}},"_links":{"self":[{"href":"https:\/\/www.gardenrouteitalia.it\/en\/wp-json\/wp\/v2\/pages\/13137","targetHints":{"allow":["GET"]}}],"collection":[{"href":"https:\/\/www.gardenrouteitalia.it\/en\/wp-json\/wp\/v2\/pages"}],"about":[{"href":"https:\/\/www.gardenrouteitalia.it\/en\/wp-json\/wp\/v2\/types\/page"}],"author":[{"embeddable":true,"href":"https:\/\/www.gardenrouteitalia.it\/en\/wp-json\/wp\/v2\/users\/1"}],"replies":[{"embeddable":true,"href":"https:\/\/www.gardenrouteitalia.it\/en\/wp-json\/wp\/v2\/comments?post=13137"}],"version-history":[{"count":1,"href":"https:\/\/www.gardenrouteitalia.it\/en\/wp-json\/wp\/v2\/pages\/13137\/revisions"}],"predecessor-version":[{"id":13138,"href":"https:\/\/www.gardenrouteitalia.it\/en\/wp-json\/wp\/v2\/pages\/13137\/revisions\/13138"}],"wp:attachment":[{"href":"https:\/\/www.gardenrouteitalia.it\/en\/wp-json\/wp\/v2\/media?parent=13137"}],"curies":[{"name":"wp","href":"https:\/\/api.w.org\/{rel}","templated":true}]}}